{"id":11354,"date":"2024-07-02T16:02:36","date_gmt":"2024-07-02T15:02:36","guid":{"rendered":"https:\/\/ideaterrazas.com\/24\/?page_id=11354"},"modified":"2026-03-22T21:23:15","modified_gmt":"2026-03-22T21:23:15","slug":"politica-de-cookies","status":"publish","type":"page","link":"https:\/\/ideaterrazas.com\/es\/politica-de-cookies\/","title":{"rendered":"Pol\u00edtica de Cookies"},"content":{"rendered":"<p><div class=\"fusion-fullwidth fullwidth-box fusion-builder-row-1 fusion-flex-container has-pattern-background has-mask-background fusion-parallax-none page_title_bar nonhundred-percent-fullwidth non-hundred-percent-height-scrolling lazyload\" style=\"--awb-border-radius-top-left:0px;--awb-border-radius-top-right:0px;--awb-border-radius-bottom-right:0px;--awb-border-radius-bottom-left:0px;--awb-background-image:linear-gradient(180deg, hsla(var(--awb-custom_color_1-h),var(--awb-custom_color_1-s),var(--awb-custom_color_1-l),calc(var(--awb-custom_color_1-a) - 50%)) 0%,hsla(var(--awb-custom_color_1-h),var(--awb-custom_color_1-s),var(--awb-custom_color_1-l),calc(var(--awb-custom_color_1-a) - 70%)) 100%);;--awb-background-size:cover;--awb-flex-wrap:wrap;\" data-bg=\"https:\/\/ideaterrazas.com\/wp-content\/uploads\/2024\/07\/cookie-policy.jpg\" data-bg-gradient=\"linear-gradient(180deg, hsla(var(--awb-custom_color_1-h),var(--awb-custom_color_1-s),var(--awb-custom_color_1-l),calc(var(--awb-custom_color_1-a) - 50%)) 0%,hsla(var(--awb-custom_color_1-h),var(--awb-custom_color_1-s),var(--awb-custom_color_1-l),calc(var(--awb-custom_color_1-a) - 70%)) 100%)\" ><div class=\"fusion-builder-row fusion-row fusion-flex-align-items-flex-start fusion-flex-content-wrap\" style=\"max-width:1248px;margin-left: calc(-4% \/ 2 );margin-right: calc(-4% \/ 2 );\"><div class=\"fusion-layout-column fusion_builder_column fusion-builder-column-0 fusion_builder_column_1_1 1_1 fusion-flex-column fusion-animated\" style=\"--awb-bg-size:cover;--awb-width-large:100%;--awb-margin-top-large:0px;--awb-spacing-right-large:1.92%;--awb-margin-bottom-large:0px;--awb-spacing-left-large:1.92%;--awb-width-medium:100%;--awb-order-medium:0;--awb-spacing-right-medium:1.92%;--awb-spacing-left-medium:1.92%;--awb-width-small:100%;--awb-order-small:0;--awb-spacing-right-small:1.92%;--awb-spacing-left-small:1.92%;\" data-animationType=\"fadeInUp\" data-animationDuration=\"1.3\" data-animationOffset=\"top-into-view\" data-scroll-devices=\"small-visibility,medium-visibility,large-visibility\"><div class=\"fusion-column-wrapper fusion-column-has-shadow fusion-flex-justify-content-flex-start fusion-content-layout-column\"><h6 style=\"text-align: center; margin-top: 20px; margin-bottom: 0px; color: #fff;\"><i class=\"idea-icon-ideaterrazas idea_icon\"><\/i><span class=\"ideaterrazas f20 white\">IDEA<span class=\"orange\">terrazas<span class=\"reg\">\u00ae<\/span><\/span><\/span><\/h6><div class=\"fusion-title title fusion-title-1 fusion-sep-none fusion-title-center fusion-title-text fusion-title-size-one\" style=\"--awb-text-color:var(--awb-color1);--awb-margin-top:0px;--awb-margin-bottom:10px;\"><h1 class=\"fusion-title-heading title-heading-center fusion-responsive-typography-calculated\" style=\"margin:0;--fontSize:49;line-height:var(--awb-typography1-line-height);\">Pol\u00edtica de Cookies<\/h1><\/div><\/div><\/div><\/div><\/div><div class=\"fusion-fullwidth fullwidth-box fusion-builder-row-2 fusion-flex-container has-pattern-background has-mask-background hundred-percent-fullwidth non-hundred-percent-height-scrolling\" style=\"--awb-border-radius-top-left:0px;--awb-border-radius-top-right:0px;--awb-border-radius-bottom-right:0px;--awb-border-radius-bottom-left:0px;--awb-overflow:hidden;--awb-padding-top:80px;--awb-padding-right:0px;--awb-padding-bottom:140px;--awb-padding-left:0px;--awb-padding-top-small:40px;--awb-padding-right-small:30px;--awb-padding-bottom-small:40px;--awb-padding-left-small:30px;--awb-margin-bottom-medium:0px;--awb-margin-bottom-small:0px;--awb-flex-wrap:wrap;\" ><div class=\"fusion-builder-row fusion-row fusion-flex-align-items-center fusion-flex-justify-content-center fusion-flex-content-wrap\" style=\"width:104% !important;max-width:104% !important;margin-left: calc(-4% \/ 2 );margin-right: calc(-4% \/ 2 );\"><div class=\"fusion-layout-column fusion_builder_column fusion-builder-column-1 fusion_builder_column_1_1 1_1 fusion-flex-column\" style=\"--awb-z-index:0;--awb-bg-size:cover;--awb-width-large:100%;--awb-margin-top-large:0px;--awb-spacing-right-large:0px;--awb-margin-bottom-large:0px;--awb-spacing-left-large:0px;--awb-width-medium:100%;--awb-order-medium:0;--awb-spacing-right-medium:0px;--awb-spacing-left-medium:0px;--awb-width-small:100%;--awb-order-small:0;--awb-spacing-right-small:1.92%;--awb-spacing-left-small:1.92%;\" data-scroll-devices=\"small-visibility,medium-visibility,large-visibility\"><div class=\"fusion-column-wrapper fusion-column-has-shadow fusion-flex-justify-content-flex-start fusion-content-layout-column\"><div class=\"fusion-image-element \" style=\"--awb-margin-top:0px;--awb-margin-right:0px;--awb-margin-bottom:0px;--awb-margin-left:0px;--awb-max-width:233px;--awb-caption-title-font-family:var(--h2_typography-font-family);--awb-caption-title-font-weight:var(--h2_typography-font-weight);--awb-caption-title-font-style:var(--h2_typography-font-style);--awb-caption-title-size:var(--h2_typography-font-size);--awb-caption-title-transform:var(--h2_typography-text-transform);--awb-caption-title-line-height:var(--h2_typography-line-height);--awb-caption-title-letter-spacing:var(--h2_typography-letter-spacing);\"><span class=\" fusion-imageframe imageframe-none imageframe-1 hover-type-none photo_block_home-1\"><img decoding=\"async\" width=\"233\" height=\"381\" src=\"https:\/\/ideaterrazas.com\/wp-content\/uploads\/2024\/07\/cookie-policy-1.png\" data-orig-src=\"https:\/\/ideaterrazas.com\/wp-content\/uploads\/2024\/07\/cookie-policy-1.png\" alt class=\"lazyload img-responsive wp-image-3457\" srcset=\"data:image\/svg+xml,%3Csvg%20xmlns%3D%27http%3A%2F%2Fwww.w3.org%2F2000%2Fsvg%27%20width%3D%27233%27%20height%3D%27381%27%20viewBox%3D%270%200%20233%20381%27%3E%3Crect%20width%3D%27233%27%20height%3D%27381%27%20fill-opacity%3D%220%22%2F%3E%3C%2Fsvg%3E\" data-srcset=\"https:\/\/ideaterrazas.com\/wp-content\/uploads\/2024\/07\/cookie-policy-1-200x327.png 200w, https:\/\/ideaterrazas.com\/wp-content\/uploads\/2024\/07\/cookie-policy-1.png 233w\" data-sizes=\"auto\" data-orig-sizes=\"(max-width: 900px) 100vw, 233px\" \/><\/span><\/div><\/div><\/div><div class=\"fusion-layout-column fusion_builder_column fusion-builder-column-2 fusion_builder_column_2_3 2_3 fusion-flex-column fusion-animated\" style=\"--awb-bg-size:cover;--awb-width-large:66.666666666667%;--awb-margin-top-large:0px;--awb-spacing-right-large:2.88%;--awb-margin-bottom-large:0px;--awb-spacing-left-large:2.88%;--awb-width-medium:75%;--awb-order-medium:0;--awb-spacing-right-medium:2.56%;--awb-spacing-left-medium:2.56%;--awb-width-small:100%;--awb-order-small:0;--awb-spacing-right-small:1.92%;--awb-spacing-left-small:1.92%;\" data-animationType=\"fadeIn\" data-animationDuration=\"0.3\" data-animationOffset=\"top-into-view\" data-scroll-devices=\"small-visibility,medium-visibility,large-visibility\"><div class=\"fusion-column-wrapper fusion-column-has-shadow fusion-flex-justify-content-flex-start fusion-content-layout-column\"><div class=\"fusion-text fusion-text-1 fusion-text-no-margin\" style=\"--awb-content-alignment:center;--awb-margin-bottom:5px;\"><h4 class=\"txt_left\">C\u00f3mo utilizamos las cookies para mejorar su experiencia de navegaci\u00f3n en este sitio web<\/h4>\n<p>En esta Pol\u00edtica de Cookies, cualquier uso de las palabras \u00abusted\u00bb, \u00absuyo\u00bb o expresiones similares significar\u00e1 cualquier usuario de este sitio web en absoluto. T\u00e9rminos como \u00abnosotros\u00bb, \u00abnos\u00bb, \u00abnuestra\u00bb o expresiones similares significar\u00e1n <span class=\"ideaterrazas f20\">IDEA<span class=\"orange\">terrazas<span class=\"reg\">\u00ae<\/span><\/span><\/span>.<\/p>\n<p>Las cookies son peque\u00f1as piezas de informaci\u00f3n que su navegador almacena en el disco duro de su ordenador. A menudo se usan como un mecanismo para que los sitios web recuerden informaci\u00f3n \u00fatil, como sus datos de inicio de sesi\u00f3n, y pueden contribuir a la facilidad de uso cuando navegan en un sitio web. Nuestras cookies no pueden identificarlo personalmente.<\/p>\n<p>Para obtener m\u00e1s informaci\u00f3n sobre las cookies en general, haga clic <a class=\"text-link\" href=\"http:\/\/www.whatarecookies.com\/\" target=\"_blank\" rel=\"noopener\">aqu\u00ed<\/a>.<\/p>\n<h4 class=\"txt_left\">C\u00f3mo usamos las cookies<\/h4>\n<p>Las cookies en nuestro sitio web se utilizan para una variedad de prop\u00f3sitos diferentes, pero en general su uso se divide en las siguientes categor\u00edas:<\/p>\n<ul>\n<li>Cookies estrictamente necesarias: son necesarias para el funcionamiento de nuestro sitio web. Incluyen, por ejemplo, cookies que le permiten iniciar sesi\u00f3n en \u00e1reas seguras de nuestro sitio web.<\/li>\n<li>Cookies anal\u00edticas \/ de rendimiento: nos permiten reconocer y contar la cantidad de usuarios de nuestro sitio web y ver c\u00f3mo navegan esos usuarios a trav\u00e9s de nuestro sitio web. Esto ayuda a mejorar el funcionamiento de nuestro sitio web, por ejemplo, asegurando que los usuarios puedan encontrar lo que buscan f\u00e1cilmente.<\/li>\n<li>Cookies de funcionalidad: mejoran el rendimiento funcional de nuestro sitio web y lo hacen m\u00e1s f\u00e1cil de usar. Por ejemplo, tales cookies se utilizan para recordar que usted ha visitado previamente el sitio web y le solicit\u00f3 que permanezca conectado a \u00e9l, o su preferencia de idioma.<\/li>\n<li>Cookies de marketing: Las cookies de marketing se utilizan para realizar un seguimiento de los visitantes en los sitios web. La intenci\u00f3n es mostrar anuncios que sean relevantes y atractivos para el usuario individual y, por lo tanto, m\u00e1s valiosos para los editores y los anunciantes de terceros.<\/li>\n<li>Cookies sin clasificar: las cookies sin clasificar son cookies que estamos en proceso de clasificar, junto con los proveedores de cookies individuales.<\/li>\n<\/ul>\n<p>La siguiente tabla enumera el uso de cookies en nuestro sitio web:<\/p>\n<h4 class=\"txt_left\">Gesti\u00f3n de las cookies<\/h4>\n<h5 class=\"txt_left\">Cookies Anal\u00edticas \/ de Rendimiento<\/h5>\n<table class=\"cookie-table\">\n<tbody>\n<tr>\n<td><strong>Nombre de cookie:<\/strong> _gat_UA-105707945-1<br \/>\n<strong>Provedor:<\/strong> ideaterrazas.com<br \/>\n<strong>Tipo:<\/strong> HTTP Cookie<br \/>\n<strong>Expiraci\u00f3n:<\/strong> Sesi\u00f3n<br \/>\n<strong>Prop\u00f3sito:<\/strong> UUtilizado por Google Analytics para acelerar la tasa de solicitud.<\/td>\n<\/tr>\n<tr>\n<td><strong>Nombre de cookie:<\/strong> _gat<br \/>\n<strong>Provedor:<\/strong> ideaterrazas.com<br \/>\n<strong>Tipo:<\/strong> HTTP Cookie<br \/>\n<strong>Expiraci\u00f3n:<\/strong> Sesi\u00f3n<br \/>\n<strong>Prop\u00f3sito:<\/strong> Utilizado por Google Analytics de Twitter.<\/td>\n<\/tr>\n<tr>\n<td><strong>Nombre de cookie:<\/strong> _gid<br \/>\n<strong>Provedor:<\/strong> ideaterrazas.com<br \/>\n<strong>Tipo:<\/strong> HTTP Cookie<br \/>\n<strong>Expiraci\u00f3n:<\/strong> 24 horas<br \/>\n<strong>Prop\u00f3sito:<\/strong> Se utiliza para identificar usuarios individuales dentro de Google Analytics. Tambi\u00e9n utilizado por Twitter. Esta herramienta se utiliza para medir el rendimiento del sitio y los patrones de uso.<\/td>\n<\/tr>\n<tr>\n<td><strong>Nombre de cookie:<\/strong> _ga<br \/>\n<strong>Provedor:<\/strong> ideaterrazas.com<br \/>\n<strong>Tipo:<\/strong> HTTP Cookie<br \/>\n<strong>Expiraci\u00f3n:<\/strong> 2 a\u00f1os<br \/>\n<strong>Prop\u00f3sito:<\/strong> Se utiliza para identificar usuarios individuales dentro de Google Analytics. Esta herramienta se utiliza para medir el rendimiento del sitio y los patrones de uso. Utilizado por Google Analytics de Twitter para distinguir a los usuarios.<\/td>\n<\/tr>\n<\/tbody>\n<\/table>\n<h5 class=\"txt_left\">Cookies sin Clasificar<\/h5>\n<table class=\"cookie-table\">\n<tbody>\n<tr>\n<td><strong>Nombre de cookie:<\/strong> geminilabs-site-reviews<br \/>\n<strong>Provedor:<\/strong> ideaterrazas.com<br \/>\n<strong>Tipo:<\/strong> HTTP Cookie<br \/>\n<strong>Expiraci\u00f3n:<\/strong> 30 minutos<br \/>\n<strong>Prop\u00f3sito:<\/strong> Utilizado por nuestro sistema de comentarios de clientes.<\/td>\n<\/tr>\n<\/tbody>\n<\/table>\n<\/div><\/div><\/div><div class=\"fusion-layout-column fusion_builder_column fusion-builder-column-3 fusion_builder_column_1_1 1_1 fusion-flex-column\" style=\"--awb-z-index:0;--awb-bg-size:cover;--awb-width-large:100%;--awb-margin-top-large:0px;--awb-spacing-right-large:0px;--awb-margin-bottom-large:0px;--awb-spacing-left-large:0px;--awb-width-medium:100%;--awb-order-medium:0;--awb-spacing-right-medium:0px;--awb-spacing-left-medium:0px;--awb-width-small:100%;--awb-order-small:0;--awb-spacing-right-small:1.92%;--awb-spacing-left-small:1.92%;\" data-scroll-devices=\"small-visibility,medium-visibility,large-visibility\"><div class=\"fusion-column-wrapper fusion-column-has-shadow fusion-flex-justify-content-flex-start fusion-content-layout-block\"><div class=\"fusion-image-element in-legacy-container\" style=\"--awb-margin-top:0px;--awb-margin-right:0px;--awb-margin-bottom:0px;--awb-margin-left:0px;--awb-max-width:437px;--awb-caption-title-font-family:var(--h2_typography-font-family);--awb-caption-title-font-weight:var(--h2_typography-font-weight);--awb-caption-title-font-style:var(--h2_typography-font-style);--awb-caption-title-size:var(--h2_typography-font-size);--awb-caption-title-transform:var(--h2_typography-text-transform);--awb-caption-title-line-height:var(--h2_typography-line-height);--awb-caption-title-letter-spacing:var(--h2_typography-letter-spacing);\"><span class=\" fusion-imageframe imageframe-none imageframe-2 hover-type-none photo_block_home-3\" id=\"photo_block_roofs\"><img decoding=\"async\" width=\"437\" height=\"350\" src=\"https:\/\/ideaterrazas.com\/wp-content\/uploads\/2024\/07\/cookie-policy-2.jpg\" data-orig-src=\"https:\/\/ideaterrazas.com\/wp-content\/uploads\/2024\/07\/cookie-policy-2.jpg\" alt class=\"lazyload img-responsive wp-image-3456\" srcset=\"data:image\/svg+xml,%3Csvg%20xmlns%3D%27http%3A%2F%2Fwww.w3.org%2F2000%2Fsvg%27%20width%3D%27437%27%20height%3D%27350%27%20viewBox%3D%270%200%20437%20350%27%3E%3Crect%20width%3D%27437%27%20height%3D%27350%27%20fill-opacity%3D%220%22%2F%3E%3C%2Fsvg%3E\" data-srcset=\"https:\/\/ideaterrazas.com\/wp-content\/uploads\/2024\/07\/cookie-policy-2-200x160.jpg 200w, https:\/\/ideaterrazas.com\/wp-content\/uploads\/2024\/07\/cookie-policy-2-400x320.jpg 400w, https:\/\/ideaterrazas.com\/wp-content\/uploads\/2024\/07\/cookie-policy-2.jpg 437w\" data-sizes=\"auto\" data-orig-sizes=\"(max-width: 900px) 100vw, 437px\" \/><\/span><\/div><\/div><\/div><\/div><\/div><\/p>\n","protected":false},"excerpt":{"rendered":"","protected":false},"author":1,"featured_media":0,"parent":0,"menu_order":0,"comment_status":"closed","ping_status":"closed","template":"100-width.php","meta":{"footnotes":""},"class_list":["post-11354","page","type-page","status-publish","hentry"],"yoast_head":"<!-- This site is optimized with the Yoast SEO plugin v25.9 - https:\/\/yoast.com\/wordpress\/plugins\/seo\/ -->\n<title>Pol\u00edtica de Cookies - IDEAterrazas<\/title>\n<meta name=\"robots\" content=\"noindex, follow\" \/>\n<meta property=\"og:locale\" content=\"es_ES\" \/>\n<meta property=\"og:type\" content=\"article\" \/>\n<meta property=\"og:title\" content=\"Pol\u00edtica de Cookies - IDEAterrazas\" \/>\n<meta property=\"og:url\" content=\"https:\/\/ideaterrazas.com\/es\/politica-de-cookies\/\" \/>\n<meta property=\"og:site_name\" content=\"IDEAterrazas\" \/>\n<meta property=\"article:publisher\" content=\"https:\/\/www.facebook.com\/ideaterrazas.cortinas.de.cristal\" \/>\n<meta property=\"article:modified_time\" content=\"2026-03-22T21:23:15+00:00\" \/>\n<meta name=\"twitter:card\" content=\"summary_large_image\" \/>\n<meta name=\"twitter:site\" content=\"@glasscurtains_\" \/>\n<meta name=\"twitter:label1\" content=\"Tiempo de lectura\" \/>\n\t<meta name=\"twitter:data1\" content=\"5 minutos\" \/>\n<script type=\"application\/ld+json\" class=\"yoast-schema-graph\">{\"@context\":\"https:\/\/schema.org\",\"@graph\":[{\"@type\":\"WebPage\",\"@id\":\"https:\/\/ideaterrazas.com\/es\/politica-de-cookies\/\",\"url\":\"https:\/\/ideaterrazas.com\/es\/politica-de-cookies\/\",\"name\":\"Pol\u00edtica de Cookies - IDEAterrazas\",\"isPartOf\":{\"@id\":\"\/#website\"},\"datePublished\":\"2024-07-02T15:02:36+00:00\",\"dateModified\":\"2026-03-22T21:23:15+00:00\",\"breadcrumb\":{\"@id\":\"https:\/\/ideaterrazas.com\/es\/politica-de-cookies\/#breadcrumb\"},\"inLanguage\":\"es\",\"potentialAction\":[{\"@type\":\"ReadAction\",\"target\":[\"https:\/\/ideaterrazas.com\/es\/politica-de-cookies\/\"]}]},{\"@type\":\"BreadcrumbList\",\"@id\":\"https:\/\/ideaterrazas.com\/es\/politica-de-cookies\/#breadcrumb\",\"itemListElement\":[{\"@type\":\"ListItem\",\"position\":1,\"name\":\"Home\",\"item\":\"https:\/\/ideaterrazas.com\/es\/\"},{\"@type\":\"ListItem\",\"position\":2,\"name\":\"Pol\u00edtica de Cookies\"}]},{\"@type\":\"WebSite\",\"@id\":\"\/#website\",\"url\":\"\/\",\"name\":\"IDEAterrazas\",\"description\":\"Glass Curtains Manufacturer &amp; Installation Malaga Spain\",\"publisher\":{\"@id\":\"\/#organization\"},\"potentialAction\":[{\"@type\":\"SearchAction\",\"target\":{\"@type\":\"EntryPoint\",\"urlTemplate\":\"\/?s={search_term_string}\"},\"query-input\":{\"@type\":\"PropertyValueSpecification\",\"valueRequired\":true,\"valueName\":\"search_term_string\"}}],\"inLanguage\":\"es\"},{\"@type\":\"Organization\",\"@id\":\"\/#organization\",\"name\":\"IDEAterrazas\",\"url\":\"\/\",\"logo\":{\"@type\":\"ImageObject\",\"inLanguage\":\"es\",\"@id\":\"\/#\/schema\/logo\/image\/\",\"url\":\"https:\/\/ideaterrazas.com\/wp-content\/uploads\/2024\/06\/IDEAterrazas-logo-dark.svg\",\"contentUrl\":\"https:\/\/ideaterrazas.com\/wp-content\/uploads\/2024\/06\/IDEAterrazas-logo-dark.svg\",\"width\":502,\"height\":104,\"caption\":\"IDEAterrazas\"},\"image\":{\"@id\":\"\/#\/schema\/logo\/image\/\"},\"sameAs\":[\"https:\/\/www.facebook.com\/ideaterrazas.cortinas.de.cristal\",\"https:\/\/x.com\/glasscurtains_\",\"https:\/\/www.instagram.com\/ideaterrazas_\/\"]}]}<\/script>\n<!-- \/ Yoast SEO plugin. -->","yoast_head_json":{"title":"Pol\u00edtica de Cookies - IDEAterrazas","robots":{"index":"noindex","follow":"follow"},"og_locale":"es_ES","og_type":"article","og_title":"Pol\u00edtica de Cookies - IDEAterrazas","og_url":"https:\/\/ideaterrazas.com\/es\/politica-de-cookies\/","og_site_name":"IDEAterrazas","article_publisher":"https:\/\/www.facebook.com\/ideaterrazas.cortinas.de.cristal","article_modified_time":"2026-03-22T21:23:15+00:00","twitter_card":"summary_large_image","twitter_site":"@glasscurtains_","twitter_misc":{"Tiempo de lectura":"5 minutos"},"schema":{"@context":"https:\/\/schema.org","@graph":[{"@type":"WebPage","@id":"https:\/\/ideaterrazas.com\/es\/politica-de-cookies\/","url":"https:\/\/ideaterrazas.com\/es\/politica-de-cookies\/","name":"Pol\u00edtica de Cookies - IDEAterrazas","isPartOf":{"@id":"\/#website"},"datePublished":"2024-07-02T15:02:36+00:00","dateModified":"2026-03-22T21:23:15+00:00","breadcrumb":{"@id":"https:\/\/ideaterrazas.com\/es\/politica-de-cookies\/#breadcrumb"},"inLanguage":"es","potentialAction":[{"@type":"ReadAction","target":["https:\/\/ideaterrazas.com\/es\/politica-de-cookies\/"]}]},{"@type":"BreadcrumbList","@id":"https:\/\/ideaterrazas.com\/es\/politica-de-cookies\/#breadcrumb","itemListElement":[{"@type":"ListItem","position":1,"name":"Home","item":"https:\/\/ideaterrazas.com\/es\/"},{"@type":"ListItem","position":2,"name":"Pol\u00edtica de Cookies"}]},{"@type":"WebSite","@id":"\/#website","url":"\/","name":"IDEAterrazas","description":"Glass Curtains Manufacturer &amp; Installation Malaga Spain","publisher":{"@id":"\/#organization"},"potentialAction":[{"@type":"SearchAction","target":{"@type":"EntryPoint","urlTemplate":"\/?s={search_term_string}"},"query-input":{"@type":"PropertyValueSpecification","valueRequired":true,"valueName":"search_term_string"}}],"inLanguage":"es"},{"@type":"Organization","@id":"\/#organization","name":"IDEAterrazas","url":"\/","logo":{"@type":"ImageObject","inLanguage":"es","@id":"\/#\/schema\/logo\/image\/","url":"https:\/\/ideaterrazas.com\/wp-content\/uploads\/2024\/06\/IDEAterrazas-logo-dark.svg","contentUrl":"https:\/\/ideaterrazas.com\/wp-content\/uploads\/2024\/06\/IDEAterrazas-logo-dark.svg","width":502,"height":104,"caption":"IDEAterrazas"},"image":{"@id":"\/#\/schema\/logo\/image\/"},"sameAs":["https:\/\/www.facebook.com\/ideaterrazas.cortinas.de.cristal","https:\/\/x.com\/glasscurtains_","https:\/\/www.instagram.com\/ideaterrazas_\/"]}]}},"_links":{"self":[{"href":"https:\/\/ideaterrazas.com\/es\/wp-json\/wp\/v2\/pages\/11354","targetHints":{"allow":["GET"]}}],"collection":[{"href":"https:\/\/ideaterrazas.com\/es\/wp-json\/wp\/v2\/pages"}],"about":[{"href":"https:\/\/ideaterrazas.com\/es\/wp-json\/wp\/v2\/types\/page"}],"author":[{"embeddable":true,"href":"https:\/\/ideaterrazas.com\/es\/wp-json\/wp\/v2\/users\/1"}],"replies":[{"embeddable":true,"href":"https:\/\/ideaterrazas.com\/es\/wp-json\/wp\/v2\/comments?post=11354"}],"version-history":[{"count":7,"href":"https:\/\/ideaterrazas.com\/es\/wp-json\/wp\/v2\/pages\/11354\/revisions"}],"predecessor-version":[{"id":20762,"href":"https:\/\/ideaterrazas.com\/es\/wp-json\/wp\/v2\/pages\/11354\/revisions\/20762"}],"wp:attachment":[{"href":"https:\/\/ideaterrazas.com\/es\/wp-json\/wp\/v2\/media?parent=11354"}],"curies":[{"name":"wp","href":"https:\/\/api.w.org\/{rel}","templated":true}]}}