{"id":20741,"date":"2026-03-19T19:07:55","date_gmt":"2026-03-19T19:07:55","guid":{"rendered":"https:\/\/ideaterrazas.com\/?page_id=20741"},"modified":"2026-03-23T13:25:23","modified_gmt":"2026-03-23T13:25:23","slug":"reglamento","status":"publish","type":"page","link":"https:\/\/ideaterrazas.com\/es\/circuitogolf\/reglamento\/","title":{"rendered":"Reglas del Torneo"},"content":{"rendered":"<p><div class=\"fusion-fullwidth fullwidth-box fusion-builder-row-1 fusion-flex-container has-pattern-background has-mask-background fusion-parallax-none page_title_bar nonhundred-percent-fullwidth non-hundred-percent-height-scrolling lazyload\" style=\"--awb-border-radius-top-left:0px;--awb-border-radius-top-right:0px;--awb-border-radius-bottom-right:0px;--awb-border-radius-bottom-left:0px;--awb-background-image:linear-gradient(180deg, hsla(var(--awb-custom_color_1-h),var(--awb-custom_color_1-s),var(--awb-custom_color_1-l),calc(var(--awb-custom_color_1-a) - 50%)) 0%,hsla(var(--awb-custom_color_1-h),var(--awb-custom_color_1-s),var(--awb-custom_color_1-l),calc(var(--awb-custom_color_1-a) - 70%)) 100%);;--awb-background-size:cover;--awb-flex-wrap:wrap;\" data-bg=\"https:\/\/ideaterrazas.com\/wp-content\/uploads\/2026\/03\/golf-banner-7.jpg\" data-bg-gradient=\"linear-gradient(180deg, hsla(var(--awb-custom_color_1-h),var(--awb-custom_color_1-s),var(--awb-custom_color_1-l),calc(var(--awb-custom_color_1-a) - 50%)) 0%,hsla(var(--awb-custom_color_1-h),var(--awb-custom_color_1-s),var(--awb-custom_color_1-l),calc(var(--awb-custom_color_1-a) - 70%)) 100%)\" ><div class=\"fusion-builder-row fusion-row fusion-flex-align-items-flex-start fusion-flex-content-wrap\" style=\"max-width:1248px;margin-left: calc(-4% \/ 2 );margin-right: calc(-4% \/ 2 );\"><div class=\"fusion-layout-column fusion_builder_column fusion-builder-column-0 fusion_builder_column_1_1 1_1 fusion-flex-column fusion-animated\" style=\"--awb-bg-size:cover;--awb-width-large:100%;--awb-margin-top-large:0px;--awb-spacing-right-large:1.92%;--awb-margin-bottom-large:0px;--awb-spacing-left-large:1.92%;--awb-width-medium:100%;--awb-order-medium:0;--awb-spacing-right-medium:1.92%;--awb-spacing-left-medium:1.92%;--awb-width-small:100%;--awb-order-small:0;--awb-spacing-right-small:1.92%;--awb-spacing-left-small:1.92%;\" data-animationType=\"fadeInUp\" data-animationDuration=\"1.3\" data-animationOffset=\"top-into-view\" data-scroll-devices=\"small-visibility,medium-visibility,large-visibility\"><div class=\"fusion-column-wrapper fusion-column-has-shadow fusion-flex-justify-content-flex-start fusion-content-layout-column\"><h6 style=\"text-align: center; margin-top: 20px; margin-bottom: 0px; color: #fff; text-shadow: 3px 3px 3px var(--awb-custom_color_1);\"><span class=\"futura_top_bar\">Circuito<\/span> <i class=\"idea-icon-ideaterrazas idea_icon\"><\/i><span class=\"ideaterrazas f20 white\">IDEA<span class=\"orange\">terrazas<span class=\"reg\">\u00ae<\/span><\/span><\/span> <span class=\"futura_top_bar\">WAGC ANDALUC\u00cdA 2026<\/span><\/h6>\n<div class=\"fusion-title title fusion-title-1 fusion-sep-none fusion-title-center fusion-title-text fusion-title-size-two golf_top_bar_title\" style=\"--awb-text-color:var(--awb-color1);--awb-margin-top:0px;--awb-margin-bottom:10px;\"><h2 class=\"fusion-title-heading title-heading-center fusion-responsive-typography-calculated\" style=\"font-family:&quot;FuturaBKBold&quot;;font-style:normal;font-weight:400;margin:0;letter-spacing:0px;text-transform:uppercase;--fontSize:49;line-height:1.1;\"><span style=\"text-shadow: 3px 3px 3px var(--awb-custom_color_1);\">Resultados del Torneo<\/span><\/h2><\/div><\/div><\/div><\/div><\/div><div class=\"fusion-fullwidth fullwidth-box fusion-builder-row-2 fusion-flex-container has-pattern-background has-mask-background nonhundred-percent-fullwidth non-hundred-percent-height-scrolling\" style=\"--awb-border-radius-top-left:0px;--awb-border-radius-top-right:0px;--awb-border-radius-bottom-right:0px;--awb-border-radius-bottom-left:0px;--awb-padding-top:80px;--awb-padding-bottom:80px;--awb-padding-top-medium:60px;--awb-padding-bottom-medium:60px;--awb-padding-top-small:40px;--awb-padding-bottom-small:40px;--awb-margin-bottom-medium:0px;--awb-margin-bottom-small:0px;--awb-flex-wrap:wrap;\" id=\"frameless-glass-balustrades\" ><div class=\"fusion-builder-row fusion-row fusion-flex-align-items-center fusion-flex-content-wrap\" style=\"max-width:calc( 1200px + 60px );margin-left: calc(-60px \/ 2 );margin-right: calc(-60px \/ 2 );\"><div class=\"fusion-layout-column fusion_builder_column fusion-builder-column-1 fusion_builder_column_1_1 1_1 fusion-flex-column\" style=\"--awb-bg-size:cover;--awb-width-large:100%;--awb-margin-top-large:0px;--awb-spacing-right-large:30px;--awb-margin-bottom-large:0px;--awb-spacing-left-large:30px;--awb-width-medium:100%;--awb-order-medium:0;--awb-spacing-right-medium:30px;--awb-spacing-left-medium:30px;--awb-width-small:100%;--awb-order-small:0;--awb-spacing-right-small:30px;--awb-spacing-left-small:30px;\" data-scroll-devices=\"small-visibility,medium-visibility,large-visibility\"><div class=\"fusion-column-wrapper fusion-column-has-shadow fusion-flex-justify-content-flex-start fusion-content-layout-column\"><div class=\"fusion-title title fusion-title-2 fusion-sep-none fusion-title-center fusion-title-text fusion-title-size-div fusion-animated golf_title_small\" style=\"--awb-text-color:var(--awb-color3);--awb-margin-top:0px;--awb-margin-bottom:10px;--awb-margin-bottom-medium:10px;\" data-animationType=\"fadeInDown\" data-animationDuration=\"0.3\" data-animationOffset=\"top-into-view\"><div class=\"fusion-title-heading title-heading-center title-heading-tag fusion-responsive-typography-calculated\" style=\"font-family:&quot;FuturaBKBold&quot;;font-style:normal;font-weight:400;margin:0;text-transform:uppercase;--fontSize:15;--minFontSize:15;line-height:1.1;\">Sigue la acci\u00f3n:<\/div><\/div><div class=\"fusion-title title fusion-title-3 fusion-sep-none fusion-title-center fusion-title-text fusion-title-size-div fusion-animated golf_title_med\" style=\"--awb-text-color:var(--awb-custom_color_1);--awb-margin-top:0px;--awb-margin-bottom:30px;--awb-margin-top-small:0px;--awb-margin-bottom-small:30px;\" data-animationType=\"fadeInUp\" data-animationDuration=\"0.3\" data-animationOffset=\"top-into-view\"><div class=\"fusion-title-heading title-heading-center title-heading-tag fusion-responsive-typography-calculated\" style=\"font-family:&quot;FuturaBKBold&quot;;font-style:normal;font-weight:400;margin:0;text-transform:uppercase;--fontSize:15;--minFontSize:15;line-height:1.1;\">Resultados de las rondas del Campeonato Regional de Andaluc\u00eda<\/div><\/div><\/div><\/div><div class=\"fusion-layout-column fusion_builder_column fusion-builder-column-2 fusion_builder_column_1_1 1_1 fusion-flex-column fusion-animated\" style=\"--awb-bg-position:center center;--awb-bg-size:cover;--awb-width-large:100%;--awb-margin-top-large:0px;--awb-spacing-right-large:30px;--awb-margin-bottom-large:0px;--awb-spacing-left-large:30px;--awb-width-medium:100%;--awb-order-medium:0;--awb-spacing-right-medium:30px;--awb-spacing-left-medium:30px;--awb-width-small:100%;--awb-order-small:1;--awb-spacing-right-small:30px;--awb-spacing-left-small:30px;\" data-animationType=\"fadeInUp\" data-animationDuration=\"0.3\" data-animationOffset=\"top-into-view\" data-scroll-devices=\"small-visibility,medium-visibility,large-visibility\"><div class=\"fusion-column-wrapper fusion-column-has-shadow fusion-flex-justify-content-center fusion-content-layout-row fusion-flex-align-items-flex-end\"><div class=\"fusion-text fusion-text-1\"><p style=\"text-align: center;\">Los resultados del Circuito <span class=\"ideaterrazas f20\">IDEA<span class=\"orange\">terrazas<span class=\"reg\">\u00ae<\/span><\/span><\/span> WAGC Andaluc\u00eda se publicar\u00e1n aqu\u00ed una vez que comience la competici\u00f3n.<\/p>\n<p style=\"text-align: center;\">Esta p\u00e1gina ofrecer\u00e1 clasificaciones actualizadas y resultados detallados de cada una de las nueve rondas clasificatorias, as\u00ed como de la Final Regional. A medida que los jugadores compitan por toda Andaluc\u00eda para conseguir una plaza en la Final Nacional, podr\u00e1s seguir su progreso ronda a ronda.<\/p>\n<p style=\"text-align: center;\">Vuelve pronto para mantenerte informado y seguir la trayectoria de los participantes en su camino hacia la clasificaci\u00f3n para el Campeonato Mundial de Golf Amateur.<\/p>\n<\/div><\/div><\/div><\/div><\/div><\/p>\n","protected":false},"excerpt":{"rendered":"","protected":false},"author":1,"featured_media":0,"parent":19579,"menu_order":0,"comment_status":"closed","ping_status":"closed","template":"100-width.php","meta":{"footnotes":""},"class_list":["post-20741","page","type-page","status-publish","hentry"],"yoast_head":"<!-- This site is optimized with the Yoast SEO plugin v25.9 - https:\/\/yoast.com\/wordpress\/plugins\/seo\/ -->\n<title>Reglas del Torneo - IDEAterrazas<\/title>\n<meta name=\"robots\" content=\"index, follow, max-snippet:-1, max-image-preview:large, max-video-preview:-1\" \/>\n<link rel=\"canonical\" href=\"https:\/\/ideaterrazas.com\/es\/circuitogolf\/reglamento\/\" \/>\n<meta property=\"og:locale\" content=\"es_ES\" \/>\n<meta property=\"og:type\" content=\"article\" \/>\n<meta property=\"og:title\" content=\"Reglas del Torneo - IDEAterrazas\" \/>\n<meta property=\"og:url\" content=\"https:\/\/ideaterrazas.com\/es\/circuitogolf\/reglamento\/\" \/>\n<meta property=\"og:site_name\" content=\"IDEAterrazas\" \/>\n<meta property=\"article:publisher\" content=\"https:\/\/www.facebook.com\/ideaterrazas.cortinas.de.cristal\" \/>\n<meta property=\"article:modified_time\" content=\"2026-03-23T13:25:23+00:00\" \/>\n<meta name=\"twitter:card\" content=\"summary_large_image\" \/>\n<meta name=\"twitter:site\" content=\"@glasscurtains_\" \/>\n<meta name=\"twitter:label1\" content=\"Tiempo de lectura\" \/>\n\t<meta name=\"twitter:data1\" content=\"1 minuto\" \/>\n<script type=\"application\/ld+json\" class=\"yoast-schema-graph\">{\"@context\":\"https:\/\/schema.org\",\"@graph\":[{\"@type\":\"WebPage\",\"@id\":\"https:\/\/ideaterrazas.com\/es\/circuitogolf\/reglamento\/\",\"url\":\"https:\/\/ideaterrazas.com\/es\/circuitogolf\/reglamento\/\",\"name\":\"Reglas del Torneo - IDEAterrazas\",\"isPartOf\":{\"@id\":\"\/#website\"},\"datePublished\":\"2026-03-19T19:07:55+00:00\",\"dateModified\":\"2026-03-23T13:25:23+00:00\",\"breadcrumb\":{\"@id\":\"https:\/\/ideaterrazas.com\/es\/circuitogolf\/reglamento\/#breadcrumb\"},\"inLanguage\":\"es\",\"potentialAction\":[{\"@type\":\"ReadAction\",\"target\":[\"https:\/\/ideaterrazas.com\/es\/circuitogolf\/reglamento\/\"]}]},{\"@type\":\"BreadcrumbList\",\"@id\":\"https:\/\/ideaterrazas.com\/es\/circuitogolf\/reglamento\/#breadcrumb\",\"itemListElement\":[{\"@type\":\"ListItem\",\"position\":1,\"name\":\"Home\",\"item\":\"https:\/\/ideaterrazas.com\/es\/\"},{\"@type\":\"ListItem\",\"position\":2,\"name\":\"Circuito Golf\",\"item\":\"https:\/\/ideaterrazas.com\/es\/circuitogolf\/\"},{\"@type\":\"ListItem\",\"position\":3,\"name\":\"Reglas del Torneo\"}]},{\"@type\":\"WebSite\",\"@id\":\"\/#website\",\"url\":\"\/\",\"name\":\"IDEAterrazas\",\"description\":\"Glass Curtains Manufacturer &amp; Installation Malaga Spain\",\"publisher\":{\"@id\":\"\/#organization\"},\"potentialAction\":[{\"@type\":\"SearchAction\",\"target\":{\"@type\":\"EntryPoint\",\"urlTemplate\":\"\/?s={search_term_string}\"},\"query-input\":{\"@type\":\"PropertyValueSpecification\",\"valueRequired\":true,\"valueName\":\"search_term_string\"}}],\"inLanguage\":\"es\"},{\"@type\":\"Organization\",\"@id\":\"\/#organization\",\"name\":\"IDEAterrazas\",\"url\":\"\/\",\"logo\":{\"@type\":\"ImageObject\",\"inLanguage\":\"es\",\"@id\":\"\/#\/schema\/logo\/image\/\",\"url\":\"https:\/\/ideaterrazas.com\/wp-content\/uploads\/2024\/06\/IDEAterrazas-logo-dark.svg\",\"contentUrl\":\"https:\/\/ideaterrazas.com\/wp-content\/uploads\/2024\/06\/IDEAterrazas-logo-dark.svg\",\"width\":502,\"height\":104,\"caption\":\"IDEAterrazas\"},\"image\":{\"@id\":\"\/#\/schema\/logo\/image\/\"},\"sameAs\":[\"https:\/\/www.facebook.com\/ideaterrazas.cortinas.de.cristal\",\"https:\/\/x.com\/glasscurtains_\",\"https:\/\/www.instagram.com\/ideaterrazas_\/\"]}]}<\/script>\n<!-- \/ Yoast SEO plugin. -->","yoast_head_json":{"title":"Reglas del Torneo - IDEAterrazas","robots":{"index":"index","follow":"follow","max-snippet":"max-snippet:-1","max-image-preview":"max-image-preview:large","max-video-preview":"max-video-preview:-1"},"canonical":"https:\/\/ideaterrazas.com\/es\/circuitogolf\/reglamento\/","og_locale":"es_ES","og_type":"article","og_title":"Reglas del Torneo - IDEAterrazas","og_url":"https:\/\/ideaterrazas.com\/es\/circuitogolf\/reglamento\/","og_site_name":"IDEAterrazas","article_publisher":"https:\/\/www.facebook.com\/ideaterrazas.cortinas.de.cristal","article_modified_time":"2026-03-23T13:25:23+00:00","twitter_card":"summary_large_image","twitter_site":"@glasscurtains_","twitter_misc":{"Tiempo de lectura":"1 minuto"},"schema":{"@context":"https:\/\/schema.org","@graph":[{"@type":"WebPage","@id":"https:\/\/ideaterrazas.com\/es\/circuitogolf\/reglamento\/","url":"https:\/\/ideaterrazas.com\/es\/circuitogolf\/reglamento\/","name":"Reglas del Torneo - IDEAterrazas","isPartOf":{"@id":"\/#website"},"datePublished":"2026-03-19T19:07:55+00:00","dateModified":"2026-03-23T13:25:23+00:00","breadcrumb":{"@id":"https:\/\/ideaterrazas.com\/es\/circuitogolf\/reglamento\/#breadcrumb"},"inLanguage":"es","potentialAction":[{"@type":"ReadAction","target":["https:\/\/ideaterrazas.com\/es\/circuitogolf\/reglamento\/"]}]},{"@type":"BreadcrumbList","@id":"https:\/\/ideaterrazas.com\/es\/circuitogolf\/reglamento\/#breadcrumb","itemListElement":[{"@type":"ListItem","position":1,"name":"Home","item":"https:\/\/ideaterrazas.com\/es\/"},{"@type":"ListItem","position":2,"name":"Circuito Golf","item":"https:\/\/ideaterrazas.com\/es\/circuitogolf\/"},{"@type":"ListItem","position":3,"name":"Reglas del Torneo"}]},{"@type":"WebSite","@id":"\/#website","url":"\/","name":"IDEAterrazas","description":"Glass Curtains Manufacturer &amp; Installation Malaga Spain","publisher":{"@id":"\/#organization"},"potentialAction":[{"@type":"SearchAction","target":{"@type":"EntryPoint","urlTemplate":"\/?s={search_term_string}"},"query-input":{"@type":"PropertyValueSpecification","valueRequired":true,"valueName":"search_term_string"}}],"inLanguage":"es"},{"@type":"Organization","@id":"\/#organization","name":"IDEAterrazas","url":"\/","logo":{"@type":"ImageObject","inLanguage":"es","@id":"\/#\/schema\/logo\/image\/","url":"https:\/\/ideaterrazas.com\/wp-content\/uploads\/2024\/06\/IDEAterrazas-logo-dark.svg","contentUrl":"https:\/\/ideaterrazas.com\/wp-content\/uploads\/2024\/06\/IDEAterrazas-logo-dark.svg","width":502,"height":104,"caption":"IDEAterrazas"},"image":{"@id":"\/#\/schema\/logo\/image\/"},"sameAs":["https:\/\/www.facebook.com\/ideaterrazas.cortinas.de.cristal","https:\/\/x.com\/glasscurtains_","https:\/\/www.instagram.com\/ideaterrazas_\/"]}]}},"_links":{"self":[{"href":"https:\/\/ideaterrazas.com\/es\/wp-json\/wp\/v2\/pages\/20741","targetHints":{"allow":["GET"]}}],"collection":[{"href":"https:\/\/ideaterrazas.com\/es\/wp-json\/wp\/v2\/pages"}],"about":[{"href":"https:\/\/ideaterrazas.com\/es\/wp-json\/wp\/v2\/types\/page"}],"author":[{"embeddable":true,"href":"https:\/\/ideaterrazas.com\/es\/wp-json\/wp\/v2\/users\/1"}],"replies":[{"embeddable":true,"href":"https:\/\/ideaterrazas.com\/es\/wp-json\/wp\/v2\/comments?post=20741"}],"version-history":[{"count":6,"href":"https:\/\/ideaterrazas.com\/es\/wp-json\/wp\/v2\/pages\/20741\/revisions"}],"predecessor-version":[{"id":20770,"href":"https:\/\/ideaterrazas.com\/es\/wp-json\/wp\/v2\/pages\/20741\/revisions\/20770"}],"up":[{"embeddable":true,"href":"https:\/\/ideaterrazas.com\/es\/wp-json\/wp\/v2\/pages\/19579"}],"wp:attachment":[{"href":"https:\/\/ideaterrazas.com\/es\/wp-json\/wp\/v2\/media?parent=20741"}],"curies":[{"name":"wp","href":"https:\/\/api.w.org\/{rel}","templated":true}]}}